{"id":39,"date":"2023-10-16T06:24:39","date_gmt":"2023-10-16T06:24:39","guid":{"rendered":"https:\/\/eurobau-fliesen.de\/?page_id=39"},"modified":"2023-10-20T22:55:43","modified_gmt":"2023-10-20T22:55:43","slug":"services","status":"publish","type":"page","link":"https:\/\/eurobau-fliesen.de\/?page_id=39","title":{"rendered":"Services"},"content":{"rendered":"\t\t<div data-elementor-type=\"wp-page\" data-elementor-id=\"39\" class=\"elementor elementor-39\" data-elementor-post-type=\"page\">\n\t\t\t\t<div class=\"elementor-element elementor-element-49e0088 e-flex e-con-boxed e-con e-parent\" data-id=\"49e0088\" data-element_type=\"container\">\n\t\t\t\t\t<div class=\"e-con-inner\">\n\t\t\t\t<div class=\"elementor-element elementor-element-ff98e02 elementor-widget elementor-widget-heading\" data-id=\"ff98e02\" data-element_type=\"widget\" data-widget_type=\"heading.default\">\n\t\t\t\t<div class=\"elementor-widget-container\">\n\t\t\t\t\t<h2 class=\"elementor-heading-title elementor-size-default\">Impressum<\/h2>\t\t\t\t<\/div>\n\t\t\t\t<\/div>\n\t\t\t\t<div class=\"elementor-element elementor-element-fade067 elementor-widget elementor-widget-text-editor\" data-id=\"fade067\" data-element_type=\"widget\" data-widget_type=\"text-editor.default\">\n\t\t\t\t<div class=\"elementor-widget-container\">\n\t\t\t\t\t\t\t\t\t<p><strong>EuroBau Slaby &amp; Slaby GbR<\/strong><\/p><p><strong>Gesch\u00e4ftsf\u00fchrer<\/strong><br \/>Tadeusz Michal<\/p><p>Slaby Fliesenfachgesch\u00e4ft<br \/>Bahnhofstra\u00dfe 15<br \/>93449 Waldm\u00fcnchen<\/p><p><strong>Umsatzsteuer-Identifikationsnummer<\/strong><br \/>DE246430834<\/p><p><strong>Kontakt<\/strong><br \/>Tel.: +49 160 99117058<br \/>E-Mail: Info@eurobau-fliesen.de<\/p>\t\t\t\t\t\t\t\t<\/div>\n\t\t\t\t<\/div>\n\t\t\t\t\t<\/div>\n\t\t\t\t<\/div>\n\t\t\t\t<\/div>\n\t\t","protected":false},"excerpt":{"rendered":"<p>Impressum EuroBau Slaby &amp; Slaby GbR Gesch\u00e4ftsf\u00fchrerTadeusz Michal Slaby Fliesenfachgesch\u00e4ftBahnhofstra\u00dfe 1593449 Waldm\u00fcnchen Umsatzsteuer-IdentifikationsnummerDE246430834 KontaktTel.: +49 160 99117058E-Mail: Info@eurobau-fliesen.de<\/p>\n","protected":false},"author":1,"featured_media":0,"parent":0,"menu_order":0,"comment_status":"closed","ping_status":"closed","template":"elementor_header_footer","meta":{"footnotes":""},"jetpack_sharing_enabled":true,"_links":{"self":[{"href":"https:\/\/eurobau-fliesen.de\/index.php?rest_route=\/wp\/v2\/pages\/39"}],"collection":[{"href":"https:\/\/eurobau-fliesen.de\/index.php?rest_route=\/wp\/v2\/pages"}],"about":[{"href":"https:\/\/eurobau-fliesen.de\/index.php?rest_route=\/wp\/v2\/types\/page"}],"author":[{"embeddable":true,"href":"https:\/\/eurobau-fliesen.de\/index.php?rest_route=\/wp\/v2\/users\/1"}],"replies":[{"embeddable":true,"href":"https:\/\/eurobau-fliesen.de\/index.php?rest_route=%2Fwp%2Fv2%2Fcomments&post=39"}],"version-history":[{"count":10,"href":"https:\/\/eurobau-fliesen.de\/index.php?rest_route=\/wp\/v2\/pages\/39\/revisions"}],"predecessor-version":[{"id":227,"href":"https:\/\/eurobau-fliesen.de\/index.php?rest_route=\/wp\/v2\/pages\/39\/revisions\/227"}],"wp:attachment":[{"href":"https:\/\/eurobau-fliesen.de\/index.php?rest_route=%2Fwp%2Fv2%2Fmedia&parent=39"}],"curies":[{"name":"wp","href":"https:\/\/api.w.org\/{rel}","templated":true}]}}