{"id":50,"date":"2023-10-16T06:24:45","date_gmt":"2023-10-16T06:24:45","guid":{"rendered":"https:\/\/eurobau-fliesen.de\/?page_id=50"},"modified":"2023-10-20T22:38:48","modified_gmt":"2023-10-20T22:38:48","slug":"home","status":"publish","type":"page","link":"https:\/\/eurobau-fliesen.de\/","title":{"rendered":"Home"},"content":{"rendered":"\t\t<div data-elementor-type=\"wp-page\" data-elementor-id=\"50\" class=\"elementor elementor-50\" data-elementor-post-type=\"page\">\n\t\t\t\t<div class=\"elementor-element elementor-element-511dedfc e-flex e-con-boxed e-con e-parent\" data-id=\"511dedfc\" data-element_type=\"container\" data-settings=\"{&quot;background_background&quot;:&quot;classic&quot;}\">\n\t\t\t\t\t<div class=\"e-con-inner\">\n\t\t\t\t<div class=\"elementor-element elementor-element-744ddc7c elementor-widget elementor-widget-heading\" data-id=\"744ddc7c\" data-element_type=\"widget\" data-widget_type=\"heading.default\">\n\t\t\t\t<div class=\"elementor-widget-container\">\n\t\t\t\t\t<h6 class=\"elementor-heading-title elementor-size-default\">Willkommen auf unserer WEBSITe<\/h6>\t\t\t\t<\/div>\n\t\t\t\t<\/div>\n\t\t\t\t<div class=\"elementor-element elementor-element-592b6334 elementor-widget elementor-widget-heading\" data-id=\"592b6334\" data-element_type=\"widget\" data-widget_type=\"heading.default\">\n\t\t\t\t<div class=\"elementor-widget-container\">\n\t\t\t\t\t<h1 class=\"elementor-heading-title elementor-size-default\">Traumbad aus einer Hand<\/h1>\t\t\t\t<\/div>\n\t\t\t\t<\/div>\n\t\t\t\t<div class=\"elementor-element elementor-element-42e2a7d8 elementor-widget elementor-widget-heading\" data-id=\"42e2a7d8\" data-element_type=\"widget\" data-widget_type=\"heading.default\">\n\t\t\t\t<div class=\"elementor-widget-container\">\n\t\t\t\t\t<h5 class=\"elementor-heading-title elementor-size-default\">EuroBau Slaby &amp; Slaby GbR<\/h5>\t\t\t\t<\/div>\n\t\t\t\t<\/div>\n\t\t\t\t<div class=\"elementor-element elementor-element-9e479ae elementor-align-center elementor-widget elementor-widget-button\" data-id=\"9e479ae\" data-element_type=\"widget\" data-widget_type=\"button.default\">\n\t\t\t\t<div class=\"elementor-widget-container\">\n\t\t\t\t\t\t\t\t\t<div class=\"elementor-button-wrapper\">\n\t\t\t\t\t<a class=\"elementor-button elementor-button-link elementor-size-sm\" href=\"https:\/\/eurobau-fliesen.de\/?page_id=174\">\n\t\t\t\t\t\t<span class=\"elementor-button-content-wrapper\">\n\t\t\t\t\t\t\t\t\t<span class=\"elementor-button-text\">Kontakt<\/span>\n\t\t\t\t\t<\/span>\n\t\t\t\t\t<\/a>\n\t\t\t\t<\/div>\n\t\t\t\t\t\t\t\t<\/div>\n\t\t\t\t<\/div>\n\t\t\t\t\t<\/div>\n\t\t\t\t<\/div>\n\t\t<div class=\"elementor-element elementor-element-307b3e9e e-flex e-con-boxed e-con e-parent\" data-id=\"307b3e9e\" data-element_type=\"container\">\n\t\t\t\t\t<div class=\"e-con-inner\">\n\t\t<div class=\"elementor-element elementor-element-7b6ecedd e-con-full e-flex e-con e-child\" data-id=\"7b6ecedd\" data-element_type=\"container\">\n\t\t\t\t<div class=\"elementor-element elementor-element-4bcd7c3c elementor-widget elementor-widget-heading\" data-id=\"4bcd7c3c\" data-element_type=\"widget\" data-widget_type=\"heading.default\">\n\t\t\t\t<div class=\"elementor-widget-container\">\n\t\t\t\t\t<h2 class=\"elementor-heading-title elementor-size-default\">Unser Service<\/h2>\t\t\t\t<\/div>\n\t\t\t\t<\/div>\n\t\t\t\t<\/div>\n\t\t<div class=\"elementor-element elementor-element-4e74cad8 e-con-full e-flex e-con e-child\" data-id=\"4e74cad8\" data-element_type=\"container\">\n\t\t\t\t<div class=\"elementor-element elementor-element-6ac643b4 elementor-widget-tablet__width-initial elementor-widget-mobile__width-inherit elementor-widget__width-initial elementor-position-top elementor-widget elementor-widget-image-box\" data-id=\"6ac643b4\" data-element_type=\"widget\" data-widget_type=\"image-box.default\">\n\t\t\t\t<div class=\"elementor-widget-container\">\n\t\t\t\t\t<div class=\"elementor-image-box-wrapper\"><figure class=\"elementor-image-box-img\"><img decoding=\"async\" width=\"150\" height=\"150\" src=\"https:\/\/eurobau-fliesen.de\/wp-content\/uploads\/2023\/10\/fliesenverlegung-930x523-1-150x150.jpg\" class=\"elementor-animation-grow attachment-thumbnail size-thumbnail wp-image-129\" alt=\"\" \/><\/figure><div class=\"elementor-image-box-content\"><h4 class=\"elementor-image-box-title\">Fliesenverlegung<\/h4><p class=\"elementor-image-box-description\">Unsere Fliesenleger kreieren Meisterwerke aus Keramik und Stein, um Ihre R\u00e4ume mit Eleganz, Haltbarkeit und Stil zu f\u00fcllen.<\/p><\/div><\/div>\t\t\t\t<\/div>\n\t\t\t\t<\/div>\n\t\t\t\t<div class=\"elementor-element elementor-element-7536bf5d elementor-widget-tablet__width-initial elementor-widget-mobile__width-inherit elementor-widget__width-initial elementor-position-top elementor-widget elementor-widget-image-box\" data-id=\"7536bf5d\" data-element_type=\"widget\" data-widget_type=\"image-box.default\">\n\t\t\t\t<div class=\"elementor-widget-container\">\n\t\t\t\t\t<div class=\"elementor-image-box-wrapper\"><figure class=\"elementor-image-box-img\"><img decoding=\"async\" width=\"150\" height=\"150\" src=\"https:\/\/eurobau-fliesen.de\/wp-content\/uploads\/2023\/10\/Hauptbad-B2-150x150.webp\" class=\"elementor-animation-grow attachment-thumbnail size-thumbnail wp-image-131\" alt=\"\" \/><\/figure><div class=\"elementor-image-box-content\"><h4 class=\"elementor-image-box-title\">Badrenovierung<\/h4><p class=\"elementor-image-box-description\">Unsere Experten im Trockenbau gestalten flexible Innenr\u00e4ume und sorgen f\u00fcr eine optimale Raumnutzung. Gleichzeitig verwandeln wir Badezimmer in wahre Wohlf\u00fchloasen mit unserer Badrenovierungsexpertise.<\/p><\/div><\/div>\t\t\t\t<\/div>\n\t\t\t\t<\/div>\n\t\t\t\t<div class=\"elementor-element elementor-element-70a3707b elementor-widget-tablet__width-initial elementor-widget-mobile__width-inherit elementor-widget__width-initial elementor-position-top elementor-widget elementor-widget-image-box\" data-id=\"70a3707b\" data-element_type=\"widget\" data-widget_type=\"image-box.default\">\n\t\t\t\t<div class=\"elementor-widget-container\">\n\t\t\t\t\t<div class=\"elementor-image-box-wrapper\"><figure class=\"elementor-image-box-img\"><img decoding=\"async\" width=\"150\" height=\"150\" src=\"https:\/\/eurobau-fliesen.de\/wp-content\/uploads\/2023\/10\/nc-bau-gmbh-bauunternehmen-fugenarbeiten-o0jzko0kri501qx57508p6a4oi8yez4sq17wdm31rg-150x150.jpg\" class=\"elementor-animation-grow attachment-thumbnail size-thumbnail wp-image-128\" alt=\"\" \/><\/figure><div class=\"elementor-image-box-content\"><h4 class=\"elementor-image-box-title\">Fugenarbeit<\/h4><p class=\"elementor-image-box-description\">Mit akribischer Sorgfalt und Pr\u00e4zision verleihen wir Ihrem Projekt den letzten Schliff. Unsere Fugenarbeit garantiert eine nahtlose Verbindung zwischen Fliesen und einwandfreie Oberfl\u00e4chen.<\/p><\/div><\/div>\t\t\t\t<\/div>\n\t\t\t\t<\/div>\n\t\t\t\t<div class=\"elementor-element elementor-element-3358a6d3 elementor-widget-tablet__width-initial elementor-widget-mobile__width-inherit elementor-widget__width-initial elementor-position-top elementor-widget elementor-widget-image-box\" data-id=\"3358a6d3\" data-element_type=\"widget\" data-widget_type=\"image-box.default\">\n\t\t\t\t<div class=\"elementor-widget-container\">\n\t\t\t\t\t<div class=\"elementor-image-box-wrapper\"><figure class=\"elementor-image-box-img\"><img loading=\"lazy\" decoding=\"async\" width=\"150\" height=\"150\" src=\"https:\/\/eurobau-fliesen.de\/wp-content\/uploads\/2023\/10\/badezimmer-unsaniert-saniert-pbombaert-fotolia-150x150.jpg\" class=\"elementor-animation-grow attachment-thumbnail size-thumbnail wp-image-130\" alt=\"\" \/><\/figure><div class=\"elementor-image-box-content\"><h4 class=\"elementor-image-box-title\">Umgestaltung von nassr\u00e4umen<\/h4><p class=\"elementor-image-box-description\">Unsere Nassbau-Profis verwandeln B\u00e4der und K\u00fcchen in funktionale und \u00e4sthetische Oasen, in denen Komfort und Qualit\u00e4t im Vordergrund stehen.<\/p><\/div><\/div>\t\t\t\t<\/div>\n\t\t\t\t<\/div>\n\t\t\t\t<\/div>\n\t\t\t\t<div class=\"elementor-element elementor-element-30e6a643 elementor-align-center elementor-widget-mobile__width-inherit elementor-invisible elementor-widget elementor-widget-button\" data-id=\"30e6a643\" data-element_type=\"widget\" data-settings=\"{&quot;_animation&quot;:&quot;fadeInDown&quot;}\" data-widget_type=\"button.default\">\n\t\t\t\t<div class=\"elementor-widget-container\">\n\t\t\t\t\t\t\t\t\t<div class=\"elementor-button-wrapper\">\n\t\t\t\t\t<a class=\"elementor-button elementor-button-link elementor-size-sm\" href=\"https:\/\/eurobau-fliesen.de\/?page_id=174\">\n\t\t\t\t\t\t<span class=\"elementor-button-content-wrapper\">\n\t\t\t\t\t\t\t\t\t<span class=\"elementor-button-text\">Beratungstermin vereinbarung<\/span>\n\t\t\t\t\t<\/span>\n\t\t\t\t\t<\/a>\n\t\t\t\t<\/div>\n\t\t\t\t\t\t\t\t<\/div>\n\t\t\t\t<\/div>\n\t\t\t\t\t<\/div>\n\t\t\t\t<\/div>\n\t\t<div class=\"elementor-element elementor-element-36060cd3 e-flex e-con-boxed e-con e-parent\" data-id=\"36060cd3\" data-element_type=\"container\" data-settings=\"{&quot;background_background&quot;:&quot;classic&quot;}\">\n\t\t\t\t\t<div class=\"e-con-inner\">\n\t\t\t\t<div class=\"elementor-element elementor-element-ce73a3f elementor-widget elementor-widget-heading\" data-id=\"ce73a3f\" data-element_type=\"widget\" data-widget_type=\"heading.default\">\n\t\t\t\t<div class=\"elementor-widget-container\">\n\t\t\t\t\t<h2 class=\"elementor-heading-title elementor-size-default\">Was uns besonders macht<\/h2>\t\t\t\t<\/div>\n\t\t\t\t<\/div>\n\t\t<div class=\"elementor-element elementor-element-1f2a509c e-con-full e-flex e-con e-child\" data-id=\"1f2a509c\" data-element_type=\"container\">\n\t\t\t\t<div class=\"elementor-element elementor-element-469091a7 elementor-view-stacked elementor-shape-square elementor-widget__width-initial elementor-position-top elementor-mobile-position-top elementor-widget elementor-widget-icon-box\" data-id=\"469091a7\" data-element_type=\"widget\" data-widget_type=\"icon-box.default\">\n\t\t\t\t<div class=\"elementor-widget-container\">\n\t\t\t\t\t\t\t<div class=\"elementor-icon-box-wrapper\">\n\n\t\t\t\t\t\t<div class=\"elementor-icon-box-icon\">\n\t\t\t\t<span  class=\"elementor-icon elementor-animation-shrink\">\n\t\t\t\t<i aria-hidden=\"true\" class=\"fas fa-award\"><\/i>\t\t\t\t<\/span>\n\t\t\t<\/div>\n\t\t\t\n\t\t\t\t\t\t<div class=\"elementor-icon-box-content\">\n\n\t\t\t\t\t\t\t\t\t<h4 class=\"elementor-icon-box-title\">\n\t\t\t\t\t\t<span  >\n\t\t\t\t\t\t\tProfessionelle arbeit\t\t\t\t\t\t<\/span>\n\t\t\t\t\t<\/h4>\n\t\t\t\t\n\t\t\t\t\n\t\t\t<\/div>\n\t\t\t\n\t\t<\/div>\n\t\t\t\t\t\t<\/div>\n\t\t\t\t<\/div>\n\t\t\t\t<div class=\"elementor-element elementor-element-7d14d29c elementor-view-stacked elementor-shape-square elementor-widget__width-initial elementor-position-top elementor-mobile-position-top elementor-widget elementor-widget-icon-box\" data-id=\"7d14d29c\" data-element_type=\"widget\" data-widget_type=\"icon-box.default\">\n\t\t\t\t<div class=\"elementor-widget-container\">\n\t\t\t\t\t\t\t<div class=\"elementor-icon-box-wrapper\">\n\n\t\t\t\t\t\t<div class=\"elementor-icon-box-icon\">\n\t\t\t\t<span  class=\"elementor-icon elementor-animation-shrink\">\n\t\t\t\t<i aria-hidden=\"true\" class=\"fas fa-chart-line\"><\/i>\t\t\t\t<\/span>\n\t\t\t<\/div>\n\t\t\t\n\t\t\t\t\t\t<div class=\"elementor-icon-box-content\">\n\n\t\t\t\t\t\t\t\t\t<h4 class=\"elementor-icon-box-title\">\n\t\t\t\t\t\t<span  >\n\t\t\t\t\t\t\tQualit\u00e4t\t\t\t\t\t\t<\/span>\n\t\t\t\t\t<\/h4>\n\t\t\t\t\n\t\t\t\t\n\t\t\t<\/div>\n\t\t\t\n\t\t<\/div>\n\t\t\t\t\t\t<\/div>\n\t\t\t\t<\/div>\n\t\t\t\t<div class=\"elementor-element elementor-element-2ee07564 elementor-view-stacked elementor-shape-square elementor-widget__width-initial elementor-position-top elementor-mobile-position-top elementor-widget elementor-widget-icon-box\" data-id=\"2ee07564\" data-element_type=\"widget\" data-widget_type=\"icon-box.default\">\n\t\t\t\t<div class=\"elementor-widget-container\">\n\t\t\t\t\t\t\t<div class=\"elementor-icon-box-wrapper\">\n\n\t\t\t\t\t\t<div class=\"elementor-icon-box-icon\">\n\t\t\t\t<span  class=\"elementor-icon elementor-animation-shrink\">\n\t\t\t\t<i aria-hidden=\"true\" class=\"fas fa-chess-knight\"><\/i>\t\t\t\t<\/span>\n\t\t\t<\/div>\n\t\t\t\n\t\t\t\t\t\t<div class=\"elementor-icon-box-content\">\n\n\t\t\t\t\t\t\t\t\t<h4 class=\"elementor-icon-box-title\">\n\t\t\t\t\t\t<span  >\n\t\t\t\t\t\t\tKompetenz\t\t\t\t\t\t<\/span>\n\t\t\t\t\t<\/h4>\n\t\t\t\t\n\t\t\t\t\n\t\t\t<\/div>\n\t\t\t\n\t\t<\/div>\n\t\t\t\t\t\t<\/div>\n\t\t\t\t<\/div>\n\t\t\t\t<div class=\"elementor-element elementor-element-50148e40 elementor-view-stacked elementor-shape-square elementor-widget__width-initial elementor-position-top elementor-mobile-position-top elementor-widget elementor-widget-icon-box\" data-id=\"50148e40\" data-element_type=\"widget\" data-widget_type=\"icon-box.default\">\n\t\t\t\t<div class=\"elementor-widget-container\">\n\t\t\t\t\t\t\t<div class=\"elementor-icon-box-wrapper\">\n\n\t\t\t\t\t\t<div class=\"elementor-icon-box-icon\">\n\t\t\t\t<span  class=\"elementor-icon elementor-animation-shrink\">\n\t\t\t\t<i aria-hidden=\"true\" class=\"fas fa-clock\"><\/i>\t\t\t\t<\/span>\n\t\t\t<\/div>\n\t\t\t\n\t\t\t\t\t\t<div class=\"elementor-icon-box-content\">\n\n\t\t\t\t\t\t\t\t\t<h4 class=\"elementor-icon-box-title\">\n\t\t\t\t\t\t<span  >\n\t\t\t\t\t\t\tErfahrung\t\t\t\t\t\t<\/span>\n\t\t\t\t\t<\/h4>\n\t\t\t\t\n\t\t\t\t\n\t\t\t<\/div>\n\t\t\t\n\t\t<\/div>\n\t\t\t\t\t\t<\/div>\n\t\t\t\t<\/div>\n\t\t\t\t<\/div>\n\t\t\t\t\t<\/div>\n\t\t\t\t<\/div>\n\t\t<div class=\"elementor-element elementor-element-18c9046c e-flex e-con-boxed e-con e-parent\" data-id=\"18c9046c\" data-element_type=\"container\">\n\t\t\t\t\t<div class=\"e-con-inner\">\n\t\t\t\t<div class=\"elementor-element elementor-element-45f39a32 elementor-widget elementor-widget-heading\" data-id=\"45f39a32\" data-element_type=\"widget\" data-widget_type=\"heading.default\">\n\t\t\t\t<div class=\"elementor-widget-container\">\n\t\t\t\t\t<h2 class=\"elementor-heading-title elementor-size-default\">Kundenstimmen<\/h2>\t\t\t\t<\/div>\n\t\t\t\t<\/div>\n\t\t<div class=\"elementor-element elementor-element-3fff612a e-con-full e-flex e-con e-child\" data-id=\"3fff612a\" data-element_type=\"container\">\n\t\t\t\t<div class=\"elementor-element elementor-element-235a6e3e elementor-widget-tablet__width-inherit elementor-widget elementor-widget-testimonial\" data-id=\"235a6e3e\" data-element_type=\"widget\" data-widget_type=\"testimonial.default\">\n\t\t\t\t<div class=\"elementor-widget-container\">\n\t\t\t\t\t\t\t<div class=\"elementor-testimonial-wrapper\">\n\t\t\t\t\t\t\t<div class=\"elementor-testimonial-content\">\"Als Subunternehmer haben wir das Vergn\u00fcgen gehabt, mit EuroBau Slaby zusammenzuarbeiten. Diese Zusammenarbeit war von Anfang bis Ende \u00e4u\u00dferst positiv. EuroBau Slaby zeichnet sich durch Fachwissen und eine unerm\u00fcdliche Hingabe aus. Seine pr\u00e4zise Fliesenarbeit, professionelle Trockenbaukenntnisse und akribische Fugenarbeit haben dazu beigetragen, unser gemeinsames Projekt p\u00fcnktlich und in erstklassiger Qualit\u00e4t abzuschlie\u00dfen. Wir sch\u00e4tzen die Zuverl\u00e4ssigkeit und Effizienz seines Teams und hoffen auf weitere erfolgreiche Kooperationen.\"<\/div>\n\t\t\t\n\t\t\t\t\t\t<div class=\"elementor-testimonial-meta elementor-has-image elementor-testimonial-image-position-aside\">\n\t\t\t\t<div class=\"elementor-testimonial-meta-inner\">\n\t\t\t\t\t\t\t\t\t\t\t<div class=\"elementor-testimonial-image\">\n\t\t\t\t\t\t\t<img loading=\"lazy\" decoding=\"async\" width=\"1250\" height=\"1250\" src=\"https:\/\/eurobau-fliesen.de\/wp-content\/uploads\/2023\/10\/Lindner_Logo.svg\" class=\"attachment-full size-full wp-image-159\" alt=\"\" \/>\t\t\t\t\t\t<\/div>\n\t\t\t\t\t\n\t\t\t\t\t\t\t\t\t\t<div class=\"elementor-testimonial-details\">\n\t\t\t\t\t\t\t\t\t\t\t\t\t\t<div class=\"elementor-testimonial-name\">Lindner Group<\/div>\n\t\t\t\t\t\t\t\t\t\t\t\t\t\t\t\t\t\t\t<\/div>\n\t\t\t\t\t\t\t\t\t<\/div>\n\t\t\t<\/div>\n\t\t\t\t\t<\/div>\n\t\t\t\t\t\t<\/div>\n\t\t\t\t<\/div>\n\t\t\t\t<div class=\"elementor-element elementor-element-6dac5737 elementor-widget-tablet__width-inherit elementor-widget elementor-widget-testimonial\" data-id=\"6dac5737\" data-element_type=\"widget\" data-widget_type=\"testimonial.default\">\n\t\t\t\t<div class=\"elementor-widget-container\">\n\t\t\t\t\t\t\t<div class=\"elementor-testimonial-wrapper\">\n\t\t\t\t\t\t\t<div class=\"elementor-testimonial-content\">\"EuroBau Slaby hat als Subunternehmer ma\u00dfgeblich dazu beigetragen, unser Bauprojekt zu einem Erfolg zu machen. Seine Fliesenarbeiten waren exzellent, und seine Kenntnisse im Trockenbau haben den Bauprozess reibungslos gestaltet. Besonders beeindruckt hat uns die Pr\u00e4zision und Sorgfalt, die er in die Fugenarbeit gesteckt hat. Dies hat nicht nur die \u00c4sthetik unseres Projekts verbessert, sondern auch die Qualit\u00e4t insgesamt erh\u00f6ht. Wir sch\u00e4tzen EuroBau Slaby als zuverl\u00e4ssigen Partner und werden gerne wieder mit ihm zusammenarbeiten.\"\n<\/div>\n\t\t\t\n\t\t\t\t\t\t<div class=\"elementor-testimonial-meta elementor-has-image elementor-testimonial-image-position-aside\">\n\t\t\t\t<div class=\"elementor-testimonial-meta-inner\">\n\t\t\t\t\t\t\t\t\t\t\t<div class=\"elementor-testimonial-image\">\n\t\t\t\t\t\t\t<img loading=\"lazy\" decoding=\"async\" width=\"512\" height=\"512\" src=\"https:\/\/eurobau-fliesen.de\/wp-content\/uploads\/2023\/10\/favicon.png\" class=\"attachment-full size-full wp-image-161\" alt=\"\" srcset=\"https:\/\/eurobau-fliesen.de\/wp-content\/uploads\/2023\/10\/favicon.png 512w, https:\/\/eurobau-fliesen.de\/wp-content\/uploads\/2023\/10\/favicon-300x300.png 300w, https:\/\/eurobau-fliesen.de\/wp-content\/uploads\/2023\/10\/favicon-150x150.png 150w\" sizes=\"(max-width: 512px) 100vw, 512px\" \/>\t\t\t\t\t\t<\/div>\n\t\t\t\t\t\n\t\t\t\t\t\t\t\t\t\t<div class=\"elementor-testimonial-details\">\n\t\t\t\t\t\t\t\t\t\t\t\t\t\t<div class=\"elementor-testimonial-name\">Gustav Epple<\/div>\n\t\t\t\t\t\t\t\t\t\t\t\t\t\t\t\t\t\t\t<\/div>\n\t\t\t\t\t\t\t\t\t<\/div>\n\t\t\t<\/div>\n\t\t\t\t\t<\/div>\n\t\t\t\t\t\t<\/div>\n\t\t\t\t<\/div>\n\t\t\t\t<\/div>\n\t\t\t\t\t<\/div>\n\t\t\t\t<\/div>\n\t\t<div class=\"elementor-element elementor-element-78d4ce5 e-flex e-con-boxed e-con e-parent\" data-id=\"78d4ce5\" data-element_type=\"container\">\n\t\t\t\t\t<div class=\"e-con-inner\">\n\t\t\t\t\t<\/div>\n\t\t\t\t<\/div>\n\t\t\t\t<\/div>\n\t\t","protected":false},"excerpt":{"rendered":"<p>Willkommen auf unserer WEBSITe Traumbad aus einer Hand EuroBau Slaby &amp; Slaby GbR Kontakt Unser Service Fliesenverlegung Unsere Fliesenleger kreieren Meisterwerke aus Keramik und Stein, um Ihre R\u00e4ume mit Eleganz, Haltbarkeit und Stil zu f\u00fcllen. Badrenovierung Unsere Experten im Trockenbau gestalten flexible Innenr\u00e4ume und sorgen f\u00fcr eine optimale Raumnutzung. Gleichzeitig verwandeln wir Badezimmer in wahre [&hellip;]<\/p>\n","protected":false},"author":1,"featured_media":0,"parent":0,"menu_order":0,"comment_status":"closed","ping_status":"closed","template":"elementor_header_footer","meta":{"footnotes":""},"jetpack_sharing_enabled":true,"_links":{"self":[{"href":"https:\/\/eurobau-fliesen.de\/index.php?rest_route=\/wp\/v2\/pages\/50"}],"collection":[{"href":"https:\/\/eurobau-fliesen.de\/index.php?rest_route=\/wp\/v2\/pages"}],"about":[{"href":"https:\/\/eurobau-fliesen.de\/index.php?rest_route=\/wp\/v2\/types\/page"}],"author":[{"embeddable":true,"href":"https:\/\/eurobau-fliesen.de\/index.php?rest_route=\/wp\/v2\/users\/1"}],"replies":[{"embeddable":true,"href":"https:\/\/eurobau-fliesen.de\/index.php?rest_route=%2Fwp%2Fv2%2Fcomments&post=50"}],"version-history":[{"count":28,"href":"https:\/\/eurobau-fliesen.de\/index.php?rest_route=\/wp\/v2\/pages\/50\/revisions"}],"predecessor-version":[{"id":219,"href":"https:\/\/eurobau-fliesen.de\/index.php?rest_route=\/wp\/v2\/pages\/50\/revisions\/219"}],"wp:attachment":[{"href":"https:\/\/eurobau-fliesen.de\/index.php?rest_route=%2Fwp%2Fv2%2Fmedia&parent=50"}],"curies":[{"name":"wp","href":"https:\/\/api.w.org\/{rel}","templated":true}]}}