{"id":65,"date":"2023-10-16T06:24:51","date_gmt":"2023-10-16T06:24:51","guid":{"rendered":"https:\/\/eurobau-fliesen.de\/?page_id=65"},"modified":"2023-10-20T23:00:08","modified_gmt":"2023-10-20T23:00:08","slug":"about","status":"publish","type":"page","link":"https:\/\/eurobau-fliesen.de\/?page_id=65","title":{"rendered":"\u00dcber uns"},"content":{"rendered":"\t\t<div data-elementor-type=\"wp-page\" data-elementor-id=\"65\" class=\"elementor elementor-65\" data-elementor-post-type=\"page\">\n\t\t\t\t<div class=\"elementor-element elementor-element-482f6fa0 e-con-full e-flex e-con e-parent\" data-id=\"482f6fa0\" data-element_type=\"container\" data-settings=\"{&quot;background_background&quot;:&quot;classic&quot;}\">\n\t\t\t\t<div class=\"elementor-element elementor-element-1141af9f animated-slow elementor-invisible elementor-widget elementor-widget-heading\" data-id=\"1141af9f\" data-element_type=\"widget\" data-settings=\"{&quot;_animation&quot;:&quot;slideInUp&quot;}\" data-widget_type=\"heading.default\">\n\t\t\t\t<div class=\"elementor-widget-container\">\n\t\t\t\t\t<h2 class=\"elementor-heading-title elementor-size-default\">Unsere Qualifikation<\/h2>\t\t\t\t<\/div>\n\t\t\t\t<\/div>\n\t\t\t\t<div class=\"elementor-element elementor-element-7e95d8f1 animated-slow elementor-invisible elementor-widget elementor-widget-heading\" data-id=\"7e95d8f1\" data-element_type=\"widget\" data-settings=\"{&quot;_animation&quot;:&quot;slideInUp&quot;}\" data-widget_type=\"heading.default\">\n\t\t\t\t<div class=\"elementor-widget-container\">\n\t\t\t\t\t<h2 class=\"elementor-heading-title elementor-size-default\">\u00dcber uns<\/h2>\t\t\t\t<\/div>\n\t\t\t\t<\/div>\n\t\t<div class=\"elementor-element elementor-element-6ff6baf6 e-con-full e-flex e-con e-child\" data-id=\"6ff6baf6\" data-element_type=\"container\">\n\t\t<div class=\"elementor-element elementor-element-5a0ead5a animated-slow e-con-full e-flex elementor-invisible e-con e-child\" data-id=\"5a0ead5a\" data-element_type=\"container\" data-settings=\"{&quot;background_background&quot;:&quot;classic&quot;,&quot;animation&quot;:&quot;fadeInUp&quot;,&quot;animation_delay&quot;:600}\">\n\t\t\t\t<\/div>\n\t\t<div class=\"elementor-element elementor-element-3c5b0ce7 e-con-full e-flex e-con e-child\" data-id=\"3c5b0ce7\" data-element_type=\"container\">\n\t\t\t\t<div class=\"elementor-element elementor-element-a8bbc79 elementor-blockquote--skin-quotation elementor-blockquote--align-center elementor-blockquote--button-color-official elementor-widget elementor-widget-blockquote\" data-id=\"a8bbc79\" data-element_type=\"widget\" data-widget_type=\"blockquote.default\">\n\t\t\t\t<div class=\"elementor-widget-container\">\n\t\t\t\t\t\t\t<blockquote class=\"elementor-blockquote\">\n\t\t\t<p class=\"elementor-blockquote__content\">\n\t\t\t\tB\u00e4der aus einer Hand\t\t\t<\/p>\n\t\t\t\t\t<\/blockquote>\n\t\t\t\t\t\t<\/div>\n\t\t\t\t<\/div>\n\t\t\t\t<div class=\"elementor-element elementor-element-7f3268b elementor-widget elementor-widget-text-editor\" data-id=\"7f3268b\" data-element_type=\"widget\" data-widget_type=\"text-editor.default\">\n\t\t\t\t<div class=\"elementor-widget-container\">\n\t\t\t\t\t\t\t\t\t<p>Wir sind Ihr professionelles Team f\u00fcr Fliesenlegearbeiten aller Art, f\u00fcr Gewerbe und Privat.\u2028\u2028Egal ob Badrenovierung, Badmodernisierung, kleine M\u00e4ngelbeseitigungen oder komplett neue B\u00e4der &#8211; mit uns haben Sie einen freundlichen und kompetenten Fachmann auf Ihrer Seite.\u2028Von der Planung \u00fcber die Materialbestellung bis hin zur Umsetzung &#8211; alles aus einer Hand.\u2028\u2028Wir bieten:\u2028- Fliesenlegearbeiten aller Art f\u00fcr B\u00f6den und W\u00e4nde\u2028- Fugenarbeiten\u2028- Badmodernisierungen\u2028- Badrenovierungen\u2028- Komplette Badezimmer\u2028- Neu- und Umgestaltung von Nassr\u00e4umen\u2028Und weitere Leistungen gerne nach R\u00fccksprache\u2028\u2028Preise:\u2028Bei uns bekommen Sie gute Ergebnisse zu einem guten Preis.\u2028Nach vorheriger Besichtigung kann auch ein Festpreis vereinbart werden &#8211; ohne weitere Kosten.\u2028\u2028Wir freuen uns \u00fcber Ihre unverbindliche Anfrage und garantieren eine schnelle und professionelle Abwicklung!\u2028\u2028Bitte haben Sie Verst\u00e4ndnis, dass wir bei anonymen Kurzanfragen ohne Aussagekraft von einer Antwort absehen werden.<\/p>\t\t\t\t\t\t\t\t<\/div>\n\t\t\t\t<\/div>\n\t\t\t\t<\/div>\n\t\t\t\t<\/div>\n\t\t\t\t<\/div>\n\t\t<div class=\"elementor-element elementor-element-71f65c2 e-flex e-con-boxed e-con e-parent\" data-id=\"71f65c2\" data-element_type=\"container\">\n\t\t\t\t\t<div class=\"e-con-inner\">\n\t\t\t\t\t<\/div>\n\t\t\t\t<\/div>\n\t\t\t\t<\/div>\n\t\t","protected":false},"excerpt":{"rendered":"<p>Unsere Qualifikation \u00dcber uns B\u00e4der aus einer Hand Wir sind Ihr professionelles Team f\u00fcr Fliesenlegearbeiten aller Art, f\u00fcr Gewerbe und Privat.\u2028\u2028Egal ob Badrenovierung, Badmodernisierung, kleine M\u00e4ngelbeseitigungen oder komplett neue B\u00e4der &#8211; mit uns haben Sie einen freundlichen und kompetenten Fachmann auf Ihrer Seite.\u2028Von der Planung \u00fcber die Materialbestellung bis hin zur Umsetzung &#8211; alles aus [&hellip;]<\/p>\n","protected":false},"author":1,"featured_media":0,"parent":0,"menu_order":0,"comment_status":"closed","ping_status":"closed","template":"elementor_header_footer","meta":{"footnotes":""},"jetpack_sharing_enabled":true,"_links":{"self":[{"href":"https:\/\/eurobau-fliesen.de\/index.php?rest_route=\/wp\/v2\/pages\/65"}],"collection":[{"href":"https:\/\/eurobau-fliesen.de\/index.php?rest_route=\/wp\/v2\/pages"}],"about":[{"href":"https:\/\/eurobau-fliesen.de\/index.php?rest_route=\/wp\/v2\/types\/page"}],"author":[{"embeddable":true,"href":"https:\/\/eurobau-fliesen.de\/index.php?rest_route=\/wp\/v2\/users\/1"}],"replies":[{"embeddable":true,"href":"https:\/\/eurobau-fliesen.de\/index.php?rest_route=%2Fwp%2Fv2%2Fcomments&post=65"}],"version-history":[{"count":13,"href":"https:\/\/eurobau-fliesen.de\/index.php?rest_route=\/wp\/v2\/pages\/65\/revisions"}],"predecessor-version":[{"id":232,"href":"https:\/\/eurobau-fliesen.de\/index.php?rest_route=\/wp\/v2\/pages\/65\/revisions\/232"}],"wp:attachment":[{"href":"https:\/\/eurobau-fliesen.de\/index.php?rest_route=%2Fwp%2Fv2%2Fmedia&parent=65"}],"curies":[{"name":"wp","href":"https:\/\/api.w.org\/{rel}","templated":true}]}}